{"id":15,"date":"2019-04-11T18:42:50","date_gmt":"2019-04-11T16:42:50","guid":{"rendered":"https:\/\/asso-sozen.com\/?page_id=15"},"modified":"2025-07-30T15:13:12","modified_gmt":"2025-07-30T13:13:12","slug":"a-propos-de","status":"publish","type":"page","link":"https:\/\/asso-sozen.com\/index.php\/a-propos-de\/","title":{"rendered":"Intervenante"},"content":{"rendered":"\n<p class=\"has-pale-pink-color has-text-color has-large-font-size\"><strong>Sophie Devos-Lallier<\/strong><\/p>\n\n\n\n<div style=\"height:23px\" aria-hidden=\"true\" class=\"wp-block-spacer\"><\/div>\n\n\n\n<ul class=\"wp-block-list\">\n<li>Passionn\u00e9e par les \u00eatres humains et le tissage de liens entre eux, j\u2019en ai fait le fondement de ma vie personnelle et professionnelle.&nbsp;<\/li>\n\n\n\n<li>Engag\u00e9e depuis toujours dans le domaine associatif notamment dans diverses causes humanitaires.<\/li>\n\n\n\n<li>Titulaire d\u2019une licence en psychologie de l&rsquo;enfant et de l\u2019adolescent, j\u2019ai pu approfondir ce domaine en travaillant en premier lieu dans des structures d\u2019accueil et d\u2019\u00e9coute pour jeunes.<\/li>\n\n\n\n<li>Puis, dans l\u2019\u00e9ducation nationale en me formant au m\u00e9tier d\u2019assistante sociale.<\/li>\n\n\n\n<li>Adepte et pratiquante du yoga depuis 36 ans, je cr\u00e9e SO\u2019Zen en 2018.<\/li>\n\n\n\n<li>N\u00e9e d\u2019une volont\u00e9 de partage et d\u2019aide au d\u00e9veloppement de soi au travers diff\u00e9rentes techniques.<\/li>\n\n\n\n<li>Depuis, je poursuis mon apprentissage en parall\u00e8le de mon activit\u00e9 de travailleur social&nbsp;<\/li>\n\n\n\n<li>Form\u00e9e \u00e0 la communication bienveillante et au coaching.<\/li>\n\n\n\n<li>Sp\u00e9cialis\u00e9e dans le bien-\u00eatre des professionnels de sant\u00e9.<\/li>\n\n\n\n<li>Certifi\u00e9e en techniques de yoga et de relaxation dans l\u2019\u00e9ducation.<\/li>\n<\/ul>\n\n\n\n<div style=\"height:56px\" aria-hidden=\"true\" class=\"wp-block-spacer\"><\/div>\n\n\n\n<p><\/p>\n\n\n\n<p><\/p>\n\n\n\n<figure class=\"wp-block-image aligncenter\"><img fetchpriority=\"high\" decoding=\"async\" width=\"300\" height=\"269\" src=\"https:\/\/asso-sozen.com\/wp-content\/uploads\/2020\/07\/sophie-300x269.jpg\" alt=\"\" class=\"wp-image-235\" srcset=\"https:\/\/asso-sozen.com\/wp-content\/uploads\/2020\/07\/sophie-300x269.jpg 300w, https:\/\/asso-sozen.com\/wp-content\/uploads\/2020\/07\/sophie.jpg 718w\" sizes=\"(max-width: 300px) 100vw, 300px\" \/><\/figure>\n","protected":false},"excerpt":{"rendered":"<p>Sophie Devos-Lallier<\/p>\n","protected":false},"author":1,"featured_media":0,"parent":0,"menu_order":0,"comment_status":"closed","ping_status":"closed","template":"","meta":{"footnotes":""},"categories":[],"tags":[],"class_list":["post-15","page","type-page","status-publish","hentry"],"yoast_head":"<!-- This site is optimized with the Yoast SEO plugin v27.3 - https:\/\/yoast.com\/product\/yoast-seo-wordpress\/ -->\n<title>Intervenante - SO&#039;Zen<\/title>\n<meta name=\"robots\" content=\"index, follow, max-snippet:-1, max-image-preview:large, max-video-preview:-1\" \/>\n<link rel=\"canonical\" href=\"https:\/\/asso-sozen.com\/index.php\/a-propos-de\/\" \/>\n<meta property=\"og:locale\" content=\"fr_FR\" \/>\n<meta property=\"og:type\" content=\"article\" \/>\n<meta property=\"og:title\" content=\"Intervenante - SO&#039;Zen\" \/>\n<meta property=\"og:description\" content=\"Sophie Devos-Lallier\" \/>\n<meta property=\"og:url\" content=\"https:\/\/asso-sozen.com\/index.php\/a-propos-de\/\" \/>\n<meta property=\"og:site_name\" content=\"SO&#039;Zen\" \/>\n<meta property=\"article:modified_time\" content=\"2025-07-30T13:13:12+00:00\" \/>\n<meta property=\"og:image\" content=\"https:\/\/asso-sozen.com\/wp-content\/uploads\/2020\/07\/sophie.jpg\" \/>\n\t<meta property=\"og:image:width\" content=\"718\" \/>\n\t<meta property=\"og:image:height\" content=\"644\" \/>\n\t<meta property=\"og:image:type\" content=\"image\/jpeg\" \/>\n<meta name=\"twitter:card\" content=\"summary_large_image\" \/>\n<meta name=\"twitter:label1\" content=\"Dur\u00e9e de lecture estim\u00e9e\" \/>\n\t<meta name=\"twitter:data1\" content=\"1 minute\" \/>\n<script type=\"application\/ld+json\" class=\"yoast-schema-graph\">{\"@context\":\"https:\\\/\\\/schema.org\",\"@graph\":[{\"@type\":\"WebPage\",\"@id\":\"https:\\\/\\\/asso-sozen.com\\\/index.php\\\/a-propos-de\\\/\",\"url\":\"https:\\\/\\\/asso-sozen.com\\\/index.php\\\/a-propos-de\\\/\",\"name\":\"Intervenante - SO&#039;Zen\",\"isPartOf\":{\"@id\":\"https:\\\/\\\/asso-sozen.com\\\/#website\"},\"primaryImageOfPage\":{\"@id\":\"https:\\\/\\\/asso-sozen.com\\\/index.php\\\/a-propos-de\\\/#primaryimage\"},\"image\":{\"@id\":\"https:\\\/\\\/asso-sozen.com\\\/index.php\\\/a-propos-de\\\/#primaryimage\"},\"thumbnailUrl\":\"https:\\\/\\\/asso-sozen.com\\\/wp-content\\\/uploads\\\/2020\\\/07\\\/sophie-300x269.jpg\",\"datePublished\":\"2019-04-11T16:42:50+00:00\",\"dateModified\":\"2025-07-30T13:13:12+00:00\",\"breadcrumb\":{\"@id\":\"https:\\\/\\\/asso-sozen.com\\\/index.php\\\/a-propos-de\\\/#breadcrumb\"},\"inLanguage\":\"fr-FR\",\"potentialAction\":[{\"@type\":\"ReadAction\",\"target\":[\"https:\\\/\\\/asso-sozen.com\\\/index.php\\\/a-propos-de\\\/\"]}]},{\"@type\":\"ImageObject\",\"inLanguage\":\"fr-FR\",\"@id\":\"https:\\\/\\\/asso-sozen.com\\\/index.php\\\/a-propos-de\\\/#primaryimage\",\"url\":\"https:\\\/\\\/asso-sozen.com\\\/wp-content\\\/uploads\\\/2020\\\/07\\\/sophie.jpg\",\"contentUrl\":\"https:\\\/\\\/asso-sozen.com\\\/wp-content\\\/uploads\\\/2020\\\/07\\\/sophie.jpg\",\"width\":718,\"height\":644},{\"@type\":\"BreadcrumbList\",\"@id\":\"https:\\\/\\\/asso-sozen.com\\\/index.php\\\/a-propos-de\\\/#breadcrumb\",\"itemListElement\":[{\"@type\":\"ListItem\",\"position\":1,\"name\":\"Accueil\",\"item\":\"https:\\\/\\\/asso-sozen.com\\\/\"},{\"@type\":\"ListItem\",\"position\":2,\"name\":\"Intervenante\"}]},{\"@type\":\"WebSite\",\"@id\":\"https:\\\/\\\/asso-sozen.com\\\/#website\",\"url\":\"https:\\\/\\\/asso-sozen.com\\\/\",\"name\":\"SO&#039;Zen\",\"description\":\"\",\"publisher\":{\"@id\":\"https:\\\/\\\/asso-sozen.com\\\/#organization\"},\"potentialAction\":[{\"@type\":\"SearchAction\",\"target\":{\"@type\":\"EntryPoint\",\"urlTemplate\":\"https:\\\/\\\/asso-sozen.com\\\/?s={search_term_string}\"},\"query-input\":{\"@type\":\"PropertyValueSpecification\",\"valueRequired\":true,\"valueName\":\"search_term_string\"}}],\"inLanguage\":\"fr-FR\"},{\"@type\":\"Organization\",\"@id\":\"https:\\\/\\\/asso-sozen.com\\\/#organization\",\"name\":\"SO&#039;Zen\",\"url\":\"https:\\\/\\\/asso-sozen.com\\\/\",\"logo\":{\"@type\":\"ImageObject\",\"inLanguage\":\"fr-FR\",\"@id\":\"https:\\\/\\\/asso-sozen.com\\\/#\\\/schema\\\/logo\\\/image\\\/\",\"url\":\"https:\\\/\\\/asso-sozen.com\\\/wp-content\\\/uploads\\\/2020\\\/07\\\/cropped-logoSOZEN512-2.png\",\"contentUrl\":\"https:\\\/\\\/asso-sozen.com\\\/wp-content\\\/uploads\\\/2020\\\/07\\\/cropped-logoSOZEN512-2.png\",\"width\":512,\"height\":289,\"caption\":\"SO&#039;Zen\"},\"image\":{\"@id\":\"https:\\\/\\\/asso-sozen.com\\\/#\\\/schema\\\/logo\\\/image\\\/\"}}]}<\/script>\n<!-- \/ Yoast SEO plugin. -->","yoast_head_json":{"title":"Intervenante - SO&#039;Zen","robots":{"index":"index","follow":"follow","max-snippet":"max-snippet:-1","max-image-preview":"max-image-preview:large","max-video-preview":"max-video-preview:-1"},"canonical":"https:\/\/asso-sozen.com\/index.php\/a-propos-de\/","og_locale":"fr_FR","og_type":"article","og_title":"Intervenante - SO&#039;Zen","og_description":"Sophie Devos-Lallier","og_url":"https:\/\/asso-sozen.com\/index.php\/a-propos-de\/","og_site_name":"SO&#039;Zen","article_modified_time":"2025-07-30T13:13:12+00:00","og_image":[{"width":718,"height":644,"url":"https:\/\/asso-sozen.com\/wp-content\/uploads\/2020\/07\/sophie.jpg","type":"image\/jpeg"}],"twitter_card":"summary_large_image","twitter_misc":{"Dur\u00e9e de lecture estim\u00e9e":"1 minute"},"schema":{"@context":"https:\/\/schema.org","@graph":[{"@type":"WebPage","@id":"https:\/\/asso-sozen.com\/index.php\/a-propos-de\/","url":"https:\/\/asso-sozen.com\/index.php\/a-propos-de\/","name":"Intervenante - SO&#039;Zen","isPartOf":{"@id":"https:\/\/asso-sozen.com\/#website"},"primaryImageOfPage":{"@id":"https:\/\/asso-sozen.com\/index.php\/a-propos-de\/#primaryimage"},"image":{"@id":"https:\/\/asso-sozen.com\/index.php\/a-propos-de\/#primaryimage"},"thumbnailUrl":"https:\/\/asso-sozen.com\/wp-content\/uploads\/2020\/07\/sophie-300x269.jpg","datePublished":"2019-04-11T16:42:50+00:00","dateModified":"2025-07-30T13:13:12+00:00","breadcrumb":{"@id":"https:\/\/asso-sozen.com\/index.php\/a-propos-de\/#breadcrumb"},"inLanguage":"fr-FR","potentialAction":[{"@type":"ReadAction","target":["https:\/\/asso-sozen.com\/index.php\/a-propos-de\/"]}]},{"@type":"ImageObject","inLanguage":"fr-FR","@id":"https:\/\/asso-sozen.com\/index.php\/a-propos-de\/#primaryimage","url":"https:\/\/asso-sozen.com\/wp-content\/uploads\/2020\/07\/sophie.jpg","contentUrl":"https:\/\/asso-sozen.com\/wp-content\/uploads\/2020\/07\/sophie.jpg","width":718,"height":644},{"@type":"BreadcrumbList","@id":"https:\/\/asso-sozen.com\/index.php\/a-propos-de\/#breadcrumb","itemListElement":[{"@type":"ListItem","position":1,"name":"Accueil","item":"https:\/\/asso-sozen.com\/"},{"@type":"ListItem","position":2,"name":"Intervenante"}]},{"@type":"WebSite","@id":"https:\/\/asso-sozen.com\/#website","url":"https:\/\/asso-sozen.com\/","name":"SO&#039;Zen","description":"","publisher":{"@id":"https:\/\/asso-sozen.com\/#organization"},"potentialAction":[{"@type":"SearchAction","target":{"@type":"EntryPoint","urlTemplate":"https:\/\/asso-sozen.com\/?s={search_term_string}"},"query-input":{"@type":"PropertyValueSpecification","valueRequired":true,"valueName":"search_term_string"}}],"inLanguage":"fr-FR"},{"@type":"Organization","@id":"https:\/\/asso-sozen.com\/#organization","name":"SO&#039;Zen","url":"https:\/\/asso-sozen.com\/","logo":{"@type":"ImageObject","inLanguage":"fr-FR","@id":"https:\/\/asso-sozen.com\/#\/schema\/logo\/image\/","url":"https:\/\/asso-sozen.com\/wp-content\/uploads\/2020\/07\/cropped-logoSOZEN512-2.png","contentUrl":"https:\/\/asso-sozen.com\/wp-content\/uploads\/2020\/07\/cropped-logoSOZEN512-2.png","width":512,"height":289,"caption":"SO&#039;Zen"},"image":{"@id":"https:\/\/asso-sozen.com\/#\/schema\/logo\/image\/"}}]}},"_links":{"self":[{"href":"https:\/\/asso-sozen.com\/index.php\/wp-json\/wp\/v2\/pages\/15","targetHints":{"allow":["GET"]}}],"collection":[{"href":"https:\/\/asso-sozen.com\/index.php\/wp-json\/wp\/v2\/pages"}],"about":[{"href":"https:\/\/asso-sozen.com\/index.php\/wp-json\/wp\/v2\/types\/page"}],"author":[{"embeddable":true,"href":"https:\/\/asso-sozen.com\/index.php\/wp-json\/wp\/v2\/users\/1"}],"replies":[{"embeddable":true,"href":"https:\/\/asso-sozen.com\/index.php\/wp-json\/wp\/v2\/comments?post=15"}],"version-history":[{"count":17,"href":"https:\/\/asso-sozen.com\/index.php\/wp-json\/wp\/v2\/pages\/15\/revisions"}],"predecessor-version":[{"id":1428,"href":"https:\/\/asso-sozen.com\/index.php\/wp-json\/wp\/v2\/pages\/15\/revisions\/1428"}],"wp:attachment":[{"href":"https:\/\/asso-sozen.com\/index.php\/wp-json\/wp\/v2\/media?parent=15"}],"wp:term":[{"taxonomy":"category","embeddable":true,"href":"https:\/\/asso-sozen.com\/index.php\/wp-json\/wp\/v2\/categories?post=15"},{"taxonomy":"post_tag","embeddable":true,"href":"https:\/\/asso-sozen.com\/index.php\/wp-json\/wp\/v2\/tags?post=15"}],"curies":[{"name":"wp","href":"https:\/\/api.w.org\/{rel}","templated":true}]}}