{"id":717,"date":"2022-10-30T17:34:43","date_gmt":"2022-10-30T16:34:43","guid":{"rendered":"https:\/\/asso-sozen.com\/?p=717"},"modified":"2025-04-06T10:06:41","modified_gmt":"2025-04-06T08:06:41","slug":"tarifs-en-accompagnement-individuel","status":"publish","type":"page","link":"https:\/\/asso-sozen.com\/index.php\/tarifs-en-accompagnement-individuel\/","title":{"rendered":"Accompagnement Individuel"},"content":{"rendered":"\n<hr class=\"wp-block-separator has-css-opacity\"\/>\n\n\n\n<div style=\"height:35px\" aria-hidden=\"true\" class=\"wp-block-spacer\"><\/div>\n\n\n\n<p class=\"has-text-align-left has-medium-font-size\">Un suivi personnalis\u00e9, partant de la probl\u00e9matique de la personne et de ses attentes (relation d\u2019aide, gestion du stress, gestion des \u00e9motions, d\u00e9veloppement de l\u2019estime de soi, apprentissage du l\u00e2cher-prise\u2026) est propos\u00e9 au sein de SO&rsquo;Zen.<\/p>\n\n\n\n<div style=\"height:26px\" aria-hidden=\"true\" class=\"wp-block-spacer\"><\/div>\n\n\n\n<h4 class=\"wp-block-heading has-vivid-purple-color has-text-color\">Tarifs en Accompagnement Individuel<\/h4>\n\n\n\n<div style=\"height:22px\" aria-hidden=\"true\" class=\"wp-block-spacer\"><\/div>\n\n\n\n<figure class=\"wp-block-table is-style-stripes\"><table class=\"has-background\" style=\"background-color:#e7f5fe\"><tbody><tr><td>La s\u00e9ance individuelle: 60\u20ac (La s\u00e9ance d&rsquo;1h adulte ou ado) \/ 45\u20ac (la s\u00e9ance de 45 minutes) enfant)<\/td><\/tr><tr><td>Forfait 6 s\u00e9ances: 330\u20ac (55\u20ac la s\u00e9ance d&rsquo;1h adulte ou ado) \/ 240\u20ac (40\u20ac la s\u00e9ance de 45 minutes) enfant)<\/td><\/tr><tr><td>Forfait 10 s\u00e9ances: 500\u20ac (50\u20ac la s\u00e9ance d&rsquo;1h adulte ou ado) \/ 350\u20ac (35\u20ac la s\u00e9ance de 45 minutes) s\u00e9ance enfant)<\/td><\/tr><\/tbody><\/table><\/figure>\n\n\n\n<p>L\u2019achat d\u2019un forfait vaut pour engagement sur 6 ou 10 semaines (selon le forfait choisi) en dehors des vacances scolaires. En cas d\u2019absence, la s\u00e9ance est due sauf en cas d\u2019annulation par SO&rsquo;Zen.<\/p>\n\n\n\n<p><em>Tarifs adapt\u00e9s en cas de faible revenus<\/em><\/p>\n\n\n\n<div style=\"height:45px\" aria-hidden=\"true\" class=\"wp-block-spacer\"><\/div>\n\n\n\n<figure class=\"wp-block-image aligncenter size-full\"><img fetchpriority=\"high\" decoding=\"async\" width=\"300\" height=\"169\" src=\"https:\/\/asso-sozen.com\/wp-content\/uploads\/2022\/10\/image-1.png\" alt=\"\" class=\"wp-image-742\"\/><\/figure>\n\n\n\n<div style=\"height:41px\" aria-hidden=\"true\" class=\"wp-block-spacer\"><\/div>\n\n\n\n<hr class=\"wp-block-separator has-css-opacity\"\/>\n\n\n\n<div style=\"height:36px\" aria-hidden=\"true\" class=\"wp-block-spacer\"><\/div>\n\n\n\n<p class=\"has-text-align-center\">*Pour b\u00e9n\u00e9ficier de tarifs pr\u00e9f\u00e9rentiels,<br> souscrivez une adh\u00e9sion \u00e0 l&rsquo;association SO&rsquo;Zen<br> ( 15\u20ac l\u2019ann\u00e9e civile )<\/p>\n\n\n\n<p class=\"has-text-align-center\"><\/p>\n\n\n\n<div style=\"height:100px\" aria-hidden=\"true\" class=\"wp-block-spacer\"><\/div>\n\n\n\n<p class=\"has-text-align-center\"><\/p>\n\n\n\n<div style=\"height:100px\" aria-hidden=\"true\" class=\"wp-block-spacer\"><\/div>\n","protected":false},"excerpt":{"rendered":"<p>Un suivi personnalis\u00e9, partant de la probl\u00e9matique de la personne et de ses attentes (relation d\u2019aide, gestion du stress, gestion des \u00e9motions, d\u00e9veloppement de l\u2019estime de soi, apprentissage du l\u00e2cher-prise\u2026) est propos\u00e9 au sein de SO&rsquo;Zen. Tarifs en Accompagnement Individuel La s\u00e9ance individuelle: 60\u20ac (La s\u00e9ance d&rsquo;1h adulte ou ado) \/ 45\u20ac (la s\u00e9ance de [&hellip;]<\/p>\n","protected":false},"author":1,"featured_media":0,"parent":0,"menu_order":0,"comment_status":"closed","ping_status":"closed","template":"","meta":{"footnotes":""},"categories":[6,5],"tags":[],"class_list":["post-717","page","type-page","status-publish","hentry","category-accompagnement-individuel","category-prestations"],"yoast_head":"<!-- This site is optimized with the Yoast SEO plugin v27.6 - https:\/\/yoast.com\/product\/yoast-seo-wordpress\/ -->\n<title>Accompagnement Individuel - SO&#039;Zen<\/title>\n<meta name=\"robots\" content=\"index, follow, max-snippet:-1, max-image-preview:large, max-video-preview:-1\" \/>\n<link rel=\"canonical\" href=\"https:\/\/asso-sozen.com\/index.php\/tarifs-en-accompagnement-individuel\/\" \/>\n<meta property=\"og:locale\" content=\"fr_FR\" \/>\n<meta property=\"og:type\" content=\"article\" \/>\n<meta property=\"og:title\" content=\"Accompagnement Individuel - SO&#039;Zen\" \/>\n<meta property=\"og:description\" content=\"Un suivi personnalis\u00e9, partant de la probl\u00e9matique de la personne et de ses attentes (relation d\u2019aide, gestion du stress, gestion des \u00e9motions, d\u00e9veloppement de l\u2019estime de soi, apprentissage du l\u00e2cher-prise\u2026) est propos\u00e9 au sein de SO&rsquo;Zen. Tarifs en Accompagnement Individuel La s\u00e9ance individuelle: 60\u20ac (La s\u00e9ance d&rsquo;1h adulte ou ado) \/ 45\u20ac (la s\u00e9ance de [&hellip;]\" \/>\n<meta property=\"og:url\" content=\"https:\/\/asso-sozen.com\/index.php\/tarifs-en-accompagnement-individuel\/\" \/>\n<meta property=\"og:site_name\" content=\"SO&#039;Zen\" \/>\n<meta property=\"article:modified_time\" content=\"2025-04-06T08:06:41+00:00\" \/>\n<meta property=\"og:image\" content=\"https:\/\/asso-sozen.com\/wp-content\/uploads\/2022\/10\/image-1.png\" \/>\n\t<meta property=\"og:image:width\" content=\"300\" \/>\n\t<meta property=\"og:image:height\" content=\"169\" \/>\n\t<meta property=\"og:image:type\" content=\"image\/png\" \/>\n<meta name=\"twitter:card\" content=\"summary_large_image\" \/>\n<meta name=\"twitter:label1\" content=\"Dur\u00e9e de lecture estim\u00e9e\" \/>\n\t<meta name=\"twitter:data1\" content=\"1 minute\" \/>\n<script type=\"application\/ld+json\" class=\"yoast-schema-graph\">{\"@context\":\"https:\\\/\\\/schema.org\",\"@graph\":[{\"@type\":\"WebPage\",\"@id\":\"https:\\\/\\\/asso-sozen.com\\\/index.php\\\/tarifs-en-accompagnement-individuel\\\/\",\"url\":\"https:\\\/\\\/asso-sozen.com\\\/index.php\\\/tarifs-en-accompagnement-individuel\\\/\",\"name\":\"Accompagnement Individuel - SO&#039;Zen\",\"isPartOf\":{\"@id\":\"https:\\\/\\\/asso-sozen.com\\\/#website\"},\"primaryImageOfPage\":{\"@id\":\"https:\\\/\\\/asso-sozen.com\\\/index.php\\\/tarifs-en-accompagnement-individuel\\\/#primaryimage\"},\"image\":{\"@id\":\"https:\\\/\\\/asso-sozen.com\\\/index.php\\\/tarifs-en-accompagnement-individuel\\\/#primaryimage\"},\"thumbnailUrl\":\"https:\\\/\\\/asso-sozen.com\\\/wp-content\\\/uploads\\\/2022\\\/10\\\/image-1.png\",\"datePublished\":\"2022-10-30T16:34:43+00:00\",\"dateModified\":\"2025-04-06T08:06:41+00:00\",\"breadcrumb\":{\"@id\":\"https:\\\/\\\/asso-sozen.com\\\/index.php\\\/tarifs-en-accompagnement-individuel\\\/#breadcrumb\"},\"inLanguage\":\"fr-FR\",\"potentialAction\":[{\"@type\":\"ReadAction\",\"target\":[\"https:\\\/\\\/asso-sozen.com\\\/index.php\\\/tarifs-en-accompagnement-individuel\\\/\"]}]},{\"@type\":\"ImageObject\",\"inLanguage\":\"fr-FR\",\"@id\":\"https:\\\/\\\/asso-sozen.com\\\/index.php\\\/tarifs-en-accompagnement-individuel\\\/#primaryimage\",\"url\":\"https:\\\/\\\/asso-sozen.com\\\/wp-content\\\/uploads\\\/2022\\\/10\\\/image-1.png\",\"contentUrl\":\"https:\\\/\\\/asso-sozen.com\\\/wp-content\\\/uploads\\\/2022\\\/10\\\/image-1.png\",\"width\":300,\"height\":169},{\"@type\":\"BreadcrumbList\",\"@id\":\"https:\\\/\\\/asso-sozen.com\\\/index.php\\\/tarifs-en-accompagnement-individuel\\\/#breadcrumb\",\"itemListElement\":[{\"@type\":\"ListItem\",\"position\":1,\"name\":\"Accueil\",\"item\":\"https:\\\/\\\/asso-sozen.com\\\/\"},{\"@type\":\"ListItem\",\"position\":2,\"name\":\"Accompagnement Individuel\"}]},{\"@type\":\"WebSite\",\"@id\":\"https:\\\/\\\/asso-sozen.com\\\/#website\",\"url\":\"https:\\\/\\\/asso-sozen.com\\\/\",\"name\":\"SO&#039;Zen\",\"description\":\"\",\"publisher\":{\"@id\":\"https:\\\/\\\/asso-sozen.com\\\/#organization\"},\"potentialAction\":[{\"@type\":\"SearchAction\",\"target\":{\"@type\":\"EntryPoint\",\"urlTemplate\":\"https:\\\/\\\/asso-sozen.com\\\/?s={search_term_string}\"},\"query-input\":{\"@type\":\"PropertyValueSpecification\",\"valueRequired\":true,\"valueName\":\"search_term_string\"}}],\"inLanguage\":\"fr-FR\"},{\"@type\":\"Organization\",\"@id\":\"https:\\\/\\\/asso-sozen.com\\\/#organization\",\"name\":\"SO&#039;Zen\",\"url\":\"https:\\\/\\\/asso-sozen.com\\\/\",\"logo\":{\"@type\":\"ImageObject\",\"inLanguage\":\"fr-FR\",\"@id\":\"https:\\\/\\\/asso-sozen.com\\\/#\\\/schema\\\/logo\\\/image\\\/\",\"url\":\"https:\\\/\\\/asso-sozen.com\\\/wp-content\\\/uploads\\\/2020\\\/07\\\/cropped-logoSOZEN512-2.png\",\"contentUrl\":\"https:\\\/\\\/asso-sozen.com\\\/wp-content\\\/uploads\\\/2020\\\/07\\\/cropped-logoSOZEN512-2.png\",\"width\":512,\"height\":289,\"caption\":\"SO&#039;Zen\"},\"image\":{\"@id\":\"https:\\\/\\\/asso-sozen.com\\\/#\\\/schema\\\/logo\\\/image\\\/\"}}]}<\/script>\n<!-- \/ Yoast SEO plugin. -->","yoast_head_json":{"title":"Accompagnement Individuel - SO&#039;Zen","robots":{"index":"index","follow":"follow","max-snippet":"max-snippet:-1","max-image-preview":"max-image-preview:large","max-video-preview":"max-video-preview:-1"},"canonical":"https:\/\/asso-sozen.com\/index.php\/tarifs-en-accompagnement-individuel\/","og_locale":"fr_FR","og_type":"article","og_title":"Accompagnement Individuel - SO&#039;Zen","og_description":"Un suivi personnalis\u00e9, partant de la probl\u00e9matique de la personne et de ses attentes (relation d\u2019aide, gestion du stress, gestion des \u00e9motions, d\u00e9veloppement de l\u2019estime de soi, apprentissage du l\u00e2cher-prise\u2026) est propos\u00e9 au sein de SO&rsquo;Zen. Tarifs en Accompagnement Individuel La s\u00e9ance individuelle: 60\u20ac (La s\u00e9ance d&rsquo;1h adulte ou ado) \/ 45\u20ac (la s\u00e9ance de [&hellip;]","og_url":"https:\/\/asso-sozen.com\/index.php\/tarifs-en-accompagnement-individuel\/","og_site_name":"SO&#039;Zen","article_modified_time":"2025-04-06T08:06:41+00:00","og_image":[{"width":300,"height":169,"url":"https:\/\/asso-sozen.com\/wp-content\/uploads\/2022\/10\/image-1.png","type":"image\/png"}],"twitter_card":"summary_large_image","twitter_misc":{"Dur\u00e9e de lecture estim\u00e9e":"1 minute"},"schema":{"@context":"https:\/\/schema.org","@graph":[{"@type":"WebPage","@id":"https:\/\/asso-sozen.com\/index.php\/tarifs-en-accompagnement-individuel\/","url":"https:\/\/asso-sozen.com\/index.php\/tarifs-en-accompagnement-individuel\/","name":"Accompagnement Individuel - SO&#039;Zen","isPartOf":{"@id":"https:\/\/asso-sozen.com\/#website"},"primaryImageOfPage":{"@id":"https:\/\/asso-sozen.com\/index.php\/tarifs-en-accompagnement-individuel\/#primaryimage"},"image":{"@id":"https:\/\/asso-sozen.com\/index.php\/tarifs-en-accompagnement-individuel\/#primaryimage"},"thumbnailUrl":"https:\/\/asso-sozen.com\/wp-content\/uploads\/2022\/10\/image-1.png","datePublished":"2022-10-30T16:34:43+00:00","dateModified":"2025-04-06T08:06:41+00:00","breadcrumb":{"@id":"https:\/\/asso-sozen.com\/index.php\/tarifs-en-accompagnement-individuel\/#breadcrumb"},"inLanguage":"fr-FR","potentialAction":[{"@type":"ReadAction","target":["https:\/\/asso-sozen.com\/index.php\/tarifs-en-accompagnement-individuel\/"]}]},{"@type":"ImageObject","inLanguage":"fr-FR","@id":"https:\/\/asso-sozen.com\/index.php\/tarifs-en-accompagnement-individuel\/#primaryimage","url":"https:\/\/asso-sozen.com\/wp-content\/uploads\/2022\/10\/image-1.png","contentUrl":"https:\/\/asso-sozen.com\/wp-content\/uploads\/2022\/10\/image-1.png","width":300,"height":169},{"@type":"BreadcrumbList","@id":"https:\/\/asso-sozen.com\/index.php\/tarifs-en-accompagnement-individuel\/#breadcrumb","itemListElement":[{"@type":"ListItem","position":1,"name":"Accueil","item":"https:\/\/asso-sozen.com\/"},{"@type":"ListItem","position":2,"name":"Accompagnement Individuel"}]},{"@type":"WebSite","@id":"https:\/\/asso-sozen.com\/#website","url":"https:\/\/asso-sozen.com\/","name":"SO&#039;Zen","description":"","publisher":{"@id":"https:\/\/asso-sozen.com\/#organization"},"potentialAction":[{"@type":"SearchAction","target":{"@type":"EntryPoint","urlTemplate":"https:\/\/asso-sozen.com\/?s={search_term_string}"},"query-input":{"@type":"PropertyValueSpecification","valueRequired":true,"valueName":"search_term_string"}}],"inLanguage":"fr-FR"},{"@type":"Organization","@id":"https:\/\/asso-sozen.com\/#organization","name":"SO&#039;Zen","url":"https:\/\/asso-sozen.com\/","logo":{"@type":"ImageObject","inLanguage":"fr-FR","@id":"https:\/\/asso-sozen.com\/#\/schema\/logo\/image\/","url":"https:\/\/asso-sozen.com\/wp-content\/uploads\/2020\/07\/cropped-logoSOZEN512-2.png","contentUrl":"https:\/\/asso-sozen.com\/wp-content\/uploads\/2020\/07\/cropped-logoSOZEN512-2.png","width":512,"height":289,"caption":"SO&#039;Zen"},"image":{"@id":"https:\/\/asso-sozen.com\/#\/schema\/logo\/image\/"}}]}},"_links":{"self":[{"href":"https:\/\/asso-sozen.com\/index.php\/wp-json\/wp\/v2\/pages\/717","targetHints":{"allow":["GET"]}}],"collection":[{"href":"https:\/\/asso-sozen.com\/index.php\/wp-json\/wp\/v2\/pages"}],"about":[{"href":"https:\/\/asso-sozen.com\/index.php\/wp-json\/wp\/v2\/types\/page"}],"author":[{"embeddable":true,"href":"https:\/\/asso-sozen.com\/index.php\/wp-json\/wp\/v2\/users\/1"}],"replies":[{"embeddable":true,"href":"https:\/\/asso-sozen.com\/index.php\/wp-json\/wp\/v2\/comments?post=717"}],"version-history":[{"count":11,"href":"https:\/\/asso-sozen.com\/index.php\/wp-json\/wp\/v2\/pages\/717\/revisions"}],"predecessor-version":[{"id":1413,"href":"https:\/\/asso-sozen.com\/index.php\/wp-json\/wp\/v2\/pages\/717\/revisions\/1413"}],"wp:attachment":[{"href":"https:\/\/asso-sozen.com\/index.php\/wp-json\/wp\/v2\/media?parent=717"}],"wp:term":[{"taxonomy":"category","embeddable":true,"href":"https:\/\/asso-sozen.com\/index.php\/wp-json\/wp\/v2\/categories?post=717"},{"taxonomy":"post_tag","embeddable":true,"href":"https:\/\/asso-sozen.com\/index.php\/wp-json\/wp\/v2\/tags?post=717"}],"curies":[{"name":"wp","href":"https:\/\/api.w.org\/{rel}","templated":true}]}}