{"id":725,"date":"2022-10-30T17:30:15","date_gmt":"2022-10-30T16:30:15","guid":{"rendered":"https:\/\/asso-sozen.com\/?p=725"},"modified":"2025-07-30T15:23:45","modified_gmt":"2025-07-30T13:23:45","slug":"activites-en-groupe-2","status":"publish","type":"page","link":"https:\/\/asso-sozen.com\/index.php\/activites-en-groupe-2\/","title":{"rendered":"Activit\u00e9s en Petit Groupe"},"content":{"rendered":"\n<hr class=\"wp-block-separator has-css-opacity\"\/>\n\n\n\n<div style=\"height:11px\" aria-hidden=\"true\" class=\"wp-block-spacer\"><\/div>\n\n\n\n<h4 class=\"wp-block-heading has-vivid-purple-color has-text-color has-medium-font-size\">Tarifs Ateliers en petit groupe dans les locaux SO&rsquo;Zen<\/h4>\n\n\n\n<figure class=\"wp-block-table is-style-stripes has-medium-font-size\"><table class=\"has-background\" style=\"background-color:#e7f5fe\"><tbody><tr><td>S\u00e9ance d\u00e9couverte yoga : 15\u20ac<\/td><\/tr><tr><td>S\u00e9ance \u00e0 l&rsquo;unit\u00e9 : 20\u20ac (en fonction des places disponibles)<\/td><\/tr><tr><td>Forfait annuel yoga (valable de mi-Septembre \u00e0 mi-Juin) : 450\u20ac soit 15\u20ac la s\u00e9ance<br>(Modulable en fonction du d\u00e9marrage des cours dans l&rsquo;ann\u00e9e)<\/td><\/tr><tr><td>S\u00e9ance relaxation : 20\u20ac (15\u20ac pour les yogis inscrits \u00e0 l&rsquo;ann\u00e9e aux cours de yoga SO&rsquo;Zen)<\/td><\/tr><tr><td>Atelier z\u00e9nitude sur une demi-journ\u00e9e (2 activit\u00e9s): 40\u20ac (35\u20ac pour les yogis inscrits \u00e0 l&rsquo;ann\u00e9e aux cours de yoga SO&rsquo;Zen) avec collation <\/td><\/tr><\/tbody><\/table><\/figure>\n\n\n\n<p class=\"has-white-background-color has-background\">L\u2019achat d\u2019un forfait vaut pour engagement sur 15 ou 30 semaines (selon le forfait choisi) en dehors des vacances scolaires. En cas d\u2019absence, la s\u00e9ance est due sauf en cas d\u2019annulation par SO\u2019Zen.  <\/p>\n\n\n\n<figure class=\"wp-block-image aligncenter\"><img fetchpriority=\"high\" decoding=\"async\" width=\"300\" height=\"257\" src=\"https:\/\/asso-sozen.com\/wp-content\/uploads\/2020\/07\/Yoga-enfants-7-11-ans-300x257.jpg\" alt=\"\" class=\"wp-image-199\" srcset=\"https:\/\/asso-sozen.com\/wp-content\/uploads\/2020\/07\/Yoga-enfants-7-11-ans-300x257.jpg 300w, https:\/\/asso-sozen.com\/wp-content\/uploads\/2020\/07\/Yoga-enfants-7-11-ans.jpg 512w\" sizes=\"(max-width: 300px) 100vw, 300px\" \/><\/figure>\n\n\n\n<div style=\"height:41px\" aria-hidden=\"true\" class=\"wp-block-spacer\"><\/div>\n\n\n\n<hr class=\"wp-block-separator has-css-opacity\"\/>\n\n\n\n<div style=\"height:36px\" aria-hidden=\"true\" class=\"wp-block-spacer\"><\/div>\n\n\n\n<p class=\"has-text-align-center\">*Pour b\u00e9n\u00e9ficier de tarifs pr\u00e9f\u00e9rentiels,<br> souscrivez une adh\u00e9sion \u00e0 l&rsquo;association SO&rsquo;Zen<br> ( 15\u20ac l\u2019ann\u00e9e civile )<\/p>\n\n\n\n<p class=\"has-white-background-color has-background\"><\/p>\n\n\n\n<p><\/p>\n\n\n\n<div style=\"height:100px\" aria-hidden=\"true\" class=\"wp-block-spacer\"><\/div>\n","protected":false},"excerpt":{"rendered":"<p>Tarifs Ateliers en petit groupe dans les locaux SO&rsquo;Zen S\u00e9ance d\u00e9couverte yoga : 15\u20ac S\u00e9ance \u00e0 l&rsquo;unit\u00e9 : 20\u20ac (en fonction des places disponibles) Forfait annuel yoga (valable de mi-Septembre \u00e0 mi-Juin) : 450\u20ac soit 15\u20ac la s\u00e9ance(Modulable en fonction du d\u00e9marrage des cours dans l&rsquo;ann\u00e9e) S\u00e9ance relaxation : 20\u20ac (15\u20ac pour les yogis inscrits [&hellip;]<\/p>\n","protected":false},"author":1,"featured_media":0,"parent":0,"menu_order":0,"comment_status":"closed","ping_status":"closed","template":"","meta":{"footnotes":""},"categories":[7,5],"tags":[],"class_list":["post-725","page","type-page","status-publish","hentry","category-activites-en-groupe","category-prestations"],"yoast_head":"<!-- This site is optimized with the Yoast SEO plugin v27.5 - https:\/\/yoast.com\/product\/yoast-seo-wordpress\/ -->\n<title>Activit\u00e9s en Petit Groupe - SO&#039;Zen<\/title>\n<meta name=\"robots\" content=\"index, follow, max-snippet:-1, max-image-preview:large, max-video-preview:-1\" \/>\n<link rel=\"canonical\" href=\"https:\/\/asso-sozen.com\/index.php\/activites-en-groupe-2\/\" \/>\n<meta property=\"og:locale\" content=\"fr_FR\" \/>\n<meta property=\"og:type\" content=\"article\" \/>\n<meta property=\"og:title\" content=\"Activit\u00e9s en Petit Groupe - SO&#039;Zen\" \/>\n<meta property=\"og:description\" content=\"Tarifs Ateliers en petit groupe dans les locaux SO&rsquo;Zen S\u00e9ance d\u00e9couverte yoga : 15\u20ac S\u00e9ance \u00e0 l&rsquo;unit\u00e9 : 20\u20ac (en fonction des places disponibles) Forfait annuel yoga (valable de mi-Septembre \u00e0 mi-Juin) : 450\u20ac soit 15\u20ac la s\u00e9ance(Modulable en fonction du d\u00e9marrage des cours dans l&rsquo;ann\u00e9e) S\u00e9ance relaxation : 20\u20ac (15\u20ac pour les yogis inscrits [&hellip;]\" \/>\n<meta property=\"og:url\" content=\"https:\/\/asso-sozen.com\/index.php\/activites-en-groupe-2\/\" \/>\n<meta property=\"og:site_name\" content=\"SO&#039;Zen\" \/>\n<meta property=\"article:modified_time\" content=\"2025-07-30T13:23:45+00:00\" \/>\n<meta property=\"og:image\" content=\"https:\/\/asso-sozen.com\/wp-content\/uploads\/2020\/07\/Yoga-enfants-7-11-ans.jpg\" \/>\n\t<meta property=\"og:image:width\" content=\"512\" \/>\n\t<meta property=\"og:image:height\" content=\"439\" \/>\n\t<meta property=\"og:image:type\" content=\"image\/jpeg\" \/>\n<meta name=\"twitter:card\" content=\"summary_large_image\" \/>\n<meta name=\"twitter:label1\" content=\"Dur\u00e9e de lecture estim\u00e9e\" \/>\n\t<meta name=\"twitter:data1\" content=\"1 minute\" \/>\n<script type=\"application\/ld+json\" class=\"yoast-schema-graph\">{\"@context\":\"https:\\\/\\\/schema.org\",\"@graph\":[{\"@type\":\"WebPage\",\"@id\":\"https:\\\/\\\/asso-sozen.com\\\/index.php\\\/activites-en-groupe-2\\\/\",\"url\":\"https:\\\/\\\/asso-sozen.com\\\/index.php\\\/activites-en-groupe-2\\\/\",\"name\":\"Activit\u00e9s en Petit Groupe - SO&#039;Zen\",\"isPartOf\":{\"@id\":\"https:\\\/\\\/asso-sozen.com\\\/#website\"},\"primaryImageOfPage\":{\"@id\":\"https:\\\/\\\/asso-sozen.com\\\/index.php\\\/activites-en-groupe-2\\\/#primaryimage\"},\"image\":{\"@id\":\"https:\\\/\\\/asso-sozen.com\\\/index.php\\\/activites-en-groupe-2\\\/#primaryimage\"},\"thumbnailUrl\":\"https:\\\/\\\/asso-sozen.com\\\/wp-content\\\/uploads\\\/2020\\\/07\\\/Yoga-enfants-7-11-ans-300x257.jpg\",\"datePublished\":\"2022-10-30T16:30:15+00:00\",\"dateModified\":\"2025-07-30T13:23:45+00:00\",\"breadcrumb\":{\"@id\":\"https:\\\/\\\/asso-sozen.com\\\/index.php\\\/activites-en-groupe-2\\\/#breadcrumb\"},\"inLanguage\":\"fr-FR\",\"potentialAction\":[{\"@type\":\"ReadAction\",\"target\":[\"https:\\\/\\\/asso-sozen.com\\\/index.php\\\/activites-en-groupe-2\\\/\"]}]},{\"@type\":\"ImageObject\",\"inLanguage\":\"fr-FR\",\"@id\":\"https:\\\/\\\/asso-sozen.com\\\/index.php\\\/activites-en-groupe-2\\\/#primaryimage\",\"url\":\"https:\\\/\\\/asso-sozen.com\\\/wp-content\\\/uploads\\\/2020\\\/07\\\/Yoga-enfants-7-11-ans.jpg\",\"contentUrl\":\"https:\\\/\\\/asso-sozen.com\\\/wp-content\\\/uploads\\\/2020\\\/07\\\/Yoga-enfants-7-11-ans.jpg\",\"width\":512,\"height\":439},{\"@type\":\"BreadcrumbList\",\"@id\":\"https:\\\/\\\/asso-sozen.com\\\/index.php\\\/activites-en-groupe-2\\\/#breadcrumb\",\"itemListElement\":[{\"@type\":\"ListItem\",\"position\":1,\"name\":\"Accueil\",\"item\":\"https:\\\/\\\/asso-sozen.com\\\/\"},{\"@type\":\"ListItem\",\"position\":2,\"name\":\"Activit\u00e9s en Petit Groupe\"}]},{\"@type\":\"WebSite\",\"@id\":\"https:\\\/\\\/asso-sozen.com\\\/#website\",\"url\":\"https:\\\/\\\/asso-sozen.com\\\/\",\"name\":\"SO&#039;Zen\",\"description\":\"\",\"publisher\":{\"@id\":\"https:\\\/\\\/asso-sozen.com\\\/#organization\"},\"potentialAction\":[{\"@type\":\"SearchAction\",\"target\":{\"@type\":\"EntryPoint\",\"urlTemplate\":\"https:\\\/\\\/asso-sozen.com\\\/?s={search_term_string}\"},\"query-input\":{\"@type\":\"PropertyValueSpecification\",\"valueRequired\":true,\"valueName\":\"search_term_string\"}}],\"inLanguage\":\"fr-FR\"},{\"@type\":\"Organization\",\"@id\":\"https:\\\/\\\/asso-sozen.com\\\/#organization\",\"name\":\"SO&#039;Zen\",\"url\":\"https:\\\/\\\/asso-sozen.com\\\/\",\"logo\":{\"@type\":\"ImageObject\",\"inLanguage\":\"fr-FR\",\"@id\":\"https:\\\/\\\/asso-sozen.com\\\/#\\\/schema\\\/logo\\\/image\\\/\",\"url\":\"https:\\\/\\\/asso-sozen.com\\\/wp-content\\\/uploads\\\/2020\\\/07\\\/cropped-logoSOZEN512-2.png\",\"contentUrl\":\"https:\\\/\\\/asso-sozen.com\\\/wp-content\\\/uploads\\\/2020\\\/07\\\/cropped-logoSOZEN512-2.png\",\"width\":512,\"height\":289,\"caption\":\"SO&#039;Zen\"},\"image\":{\"@id\":\"https:\\\/\\\/asso-sozen.com\\\/#\\\/schema\\\/logo\\\/image\\\/\"}}]}<\/script>\n<!-- \/ Yoast SEO plugin. -->","yoast_head_json":{"title":"Activit\u00e9s en Petit Groupe - SO&#039;Zen","robots":{"index":"index","follow":"follow","max-snippet":"max-snippet:-1","max-image-preview":"max-image-preview:large","max-video-preview":"max-video-preview:-1"},"canonical":"https:\/\/asso-sozen.com\/index.php\/activites-en-groupe-2\/","og_locale":"fr_FR","og_type":"article","og_title":"Activit\u00e9s en Petit Groupe - SO&#039;Zen","og_description":"Tarifs Ateliers en petit groupe dans les locaux SO&rsquo;Zen S\u00e9ance d\u00e9couverte yoga : 15\u20ac S\u00e9ance \u00e0 l&rsquo;unit\u00e9 : 20\u20ac (en fonction des places disponibles) Forfait annuel yoga (valable de mi-Septembre \u00e0 mi-Juin) : 450\u20ac soit 15\u20ac la s\u00e9ance(Modulable en fonction du d\u00e9marrage des cours dans l&rsquo;ann\u00e9e) S\u00e9ance relaxation : 20\u20ac (15\u20ac pour les yogis inscrits [&hellip;]","og_url":"https:\/\/asso-sozen.com\/index.php\/activites-en-groupe-2\/","og_site_name":"SO&#039;Zen","article_modified_time":"2025-07-30T13:23:45+00:00","og_image":[{"width":512,"height":439,"url":"https:\/\/asso-sozen.com\/wp-content\/uploads\/2020\/07\/Yoga-enfants-7-11-ans.jpg","type":"image\/jpeg"}],"twitter_card":"summary_large_image","twitter_misc":{"Dur\u00e9e de lecture estim\u00e9e":"1 minute"},"schema":{"@context":"https:\/\/schema.org","@graph":[{"@type":"WebPage","@id":"https:\/\/asso-sozen.com\/index.php\/activites-en-groupe-2\/","url":"https:\/\/asso-sozen.com\/index.php\/activites-en-groupe-2\/","name":"Activit\u00e9s en Petit Groupe - SO&#039;Zen","isPartOf":{"@id":"https:\/\/asso-sozen.com\/#website"},"primaryImageOfPage":{"@id":"https:\/\/asso-sozen.com\/index.php\/activites-en-groupe-2\/#primaryimage"},"image":{"@id":"https:\/\/asso-sozen.com\/index.php\/activites-en-groupe-2\/#primaryimage"},"thumbnailUrl":"https:\/\/asso-sozen.com\/wp-content\/uploads\/2020\/07\/Yoga-enfants-7-11-ans-300x257.jpg","datePublished":"2022-10-30T16:30:15+00:00","dateModified":"2025-07-30T13:23:45+00:00","breadcrumb":{"@id":"https:\/\/asso-sozen.com\/index.php\/activites-en-groupe-2\/#breadcrumb"},"inLanguage":"fr-FR","potentialAction":[{"@type":"ReadAction","target":["https:\/\/asso-sozen.com\/index.php\/activites-en-groupe-2\/"]}]},{"@type":"ImageObject","inLanguage":"fr-FR","@id":"https:\/\/asso-sozen.com\/index.php\/activites-en-groupe-2\/#primaryimage","url":"https:\/\/asso-sozen.com\/wp-content\/uploads\/2020\/07\/Yoga-enfants-7-11-ans.jpg","contentUrl":"https:\/\/asso-sozen.com\/wp-content\/uploads\/2020\/07\/Yoga-enfants-7-11-ans.jpg","width":512,"height":439},{"@type":"BreadcrumbList","@id":"https:\/\/asso-sozen.com\/index.php\/activites-en-groupe-2\/#breadcrumb","itemListElement":[{"@type":"ListItem","position":1,"name":"Accueil","item":"https:\/\/asso-sozen.com\/"},{"@type":"ListItem","position":2,"name":"Activit\u00e9s en Petit Groupe"}]},{"@type":"WebSite","@id":"https:\/\/asso-sozen.com\/#website","url":"https:\/\/asso-sozen.com\/","name":"SO&#039;Zen","description":"","publisher":{"@id":"https:\/\/asso-sozen.com\/#organization"},"potentialAction":[{"@type":"SearchAction","target":{"@type":"EntryPoint","urlTemplate":"https:\/\/asso-sozen.com\/?s={search_term_string}"},"query-input":{"@type":"PropertyValueSpecification","valueRequired":true,"valueName":"search_term_string"}}],"inLanguage":"fr-FR"},{"@type":"Organization","@id":"https:\/\/asso-sozen.com\/#organization","name":"SO&#039;Zen","url":"https:\/\/asso-sozen.com\/","logo":{"@type":"ImageObject","inLanguage":"fr-FR","@id":"https:\/\/asso-sozen.com\/#\/schema\/logo\/image\/","url":"https:\/\/asso-sozen.com\/wp-content\/uploads\/2020\/07\/cropped-logoSOZEN512-2.png","contentUrl":"https:\/\/asso-sozen.com\/wp-content\/uploads\/2020\/07\/cropped-logoSOZEN512-2.png","width":512,"height":289,"caption":"SO&#039;Zen"},"image":{"@id":"https:\/\/asso-sozen.com\/#\/schema\/logo\/image\/"}}]}},"_links":{"self":[{"href":"https:\/\/asso-sozen.com\/index.php\/wp-json\/wp\/v2\/pages\/725","targetHints":{"allow":["GET"]}}],"collection":[{"href":"https:\/\/asso-sozen.com\/index.php\/wp-json\/wp\/v2\/pages"}],"about":[{"href":"https:\/\/asso-sozen.com\/index.php\/wp-json\/wp\/v2\/types\/page"}],"author":[{"embeddable":true,"href":"https:\/\/asso-sozen.com\/index.php\/wp-json\/wp\/v2\/users\/1"}],"replies":[{"embeddable":true,"href":"https:\/\/asso-sozen.com\/index.php\/wp-json\/wp\/v2\/comments?post=725"}],"version-history":[{"count":27,"href":"https:\/\/asso-sozen.com\/index.php\/wp-json\/wp\/v2\/pages\/725\/revisions"}],"predecessor-version":[{"id":1431,"href":"https:\/\/asso-sozen.com\/index.php\/wp-json\/wp\/v2\/pages\/725\/revisions\/1431"}],"wp:attachment":[{"href":"https:\/\/asso-sozen.com\/index.php\/wp-json\/wp\/v2\/media?parent=725"}],"wp:term":[{"taxonomy":"category","embeddable":true,"href":"https:\/\/asso-sozen.com\/index.php\/wp-json\/wp\/v2\/categories?post=725"},{"taxonomy":"post_tag","embeddable":true,"href":"https:\/\/asso-sozen.com\/index.php\/wp-json\/wp\/v2\/tags?post=725"}],"curies":[{"name":"wp","href":"https:\/\/api.w.org\/{rel}","templated":true}]}}