{"id":728,"date":"2022-10-30T17:25:01","date_gmt":"2022-10-30T16:25:01","guid":{"rendered":"https:\/\/asso-sozen.com\/?p=728"},"modified":"2025-12-20T12:42:25","modified_gmt":"2025-12-20T11:42:25","slug":"activites-en-groupe-3","status":"publish","type":"page","link":"https:\/\/asso-sozen.com\/index.php\/activites-en-groupe-3\/","title":{"rendered":"Activit\u00e9s en Grand Groupe"},"content":{"rendered":"\n<hr class=\"wp-block-separator has-css-opacity\"\/>\n\n\n\n<h2 class=\"wp-block-heading has-vivid-purple-color has-text-color has-medium-font-size\">Tarifs Atelier Collectif Yoga adultes\/ados (+ de 15 ans) au sein de locaux lou\u00e9s par SO&rsquo;Zen<\/h2>\n\n\n\n<div style=\"height:0px\" aria-hidden=\"true\" class=\"wp-block-spacer\"><\/div>\n\n\n\n<ul class=\"wp-block-list\">\n<li>S\u00e9ance d\u00e9couverte: 10\u20ac<\/li>\n\n\n\n<li>S\u00e9ance \u00e0 l&rsquo;unit\u00e9 : 15\u20ac s\u00e9ance yoga postural d&rsquo;1h15 (sans engagement)<\/li>\n\n\n\n<li>Forfait annuel: 300\u20ac  soit 10\u20ac\/s\u00e9ance yoga postural (tarif modulable en fonction de la date d&rsquo;arriv\u00e9e dans le cours de yoga)<\/li>\n<\/ul>\n\n\n\n<p><\/p>\n\n\n\n<p class=\"has-text-align-right\">Cours ayant lieu sur Boulogne S\/Mer (quartier Saint Michel)<\/p>\n\n\n\n<p><\/p>\n\n\n\n<hr class=\"wp-block-separator has-alpha-channel-opacity\"\/>\n\n\n\n<h2 class=\"wp-block-heading has-vivid-purple-color has-text-color has-medium-font-size\">Tarifs Ateliers au sein d&rsquo;une Structure<\/h2>\n\n\n\n<p>Etablissements scolaires, structure \u00e9ducatives, MJC, centres sociaux, h\u00f4pitaux, familles, groupes informels,&#8230;<\/p>\n\n\n\n<p><\/p>\n\n\n\n<ul id=\"block-7d8c7ff6-853d-4571-abb1-d693190b237f\" class=\"wp-block-list\">\n<li><strong>Atelier \u00ab\u00a0bien-\u00eatre\u00a0\u00bb<\/strong> <strong>yoga ou relaxation<\/strong> ( 4 participants )\n<ul class=\"wp-block-list\">\n<li>2 parents et 2 enfants: 77\u20ac la s\u00e9ance de yoga ludique de 45 minutes<\/li>\n\n\n\n<li>Adultes ou ados : 20\u20ac\/participant\/ s\u00e9ance yoga d&rsquo;1h15 <\/li>\n\n\n\n<li>Adultes ou ados : 25\u20ac\/participant\/s\u00e9ance relaxation d&rsquo;1h15 <\/li>\n<\/ul>\n<\/li>\n<\/ul>\n\n\n\n<p><\/p>\n\n\n\n<ul class=\"wp-block-list\">\n<li><strong>Atelier \u00ab\u00a0bien-\u00eatre\u00a0\u00bb<\/strong> <strong>yoga ou relaxation<\/strong> ( 5 \u00e0 10 participants )\n<ul class=\"wp-block-list\">\n<li>Enfants (6\/9 ans) : 70\u20ac la s\u00e9ance de yoga ludique de 45 minutes<\/li>\n\n\n\n<li>Adultes ou ados : 75\u20ac\/90\u20ac la s\u00e9ance de yoga d&rsquo;1h15<\/li>\n\n\n\n<li>Adultes ou ados : 85\u20ac\/95\u20ac la s\u00e9ance de relaxation d&rsquo;1h15<\/li>\n\n\n\n<li>Duo parent\/enfant: 14\u20ac par duo (minimum 5 duos)\/18\u20ac50 par duo (si 4 duos) s\u00e9ance de 45 minutes<\/li>\n<\/ul>\n<\/li>\n<\/ul>\n\n\n\n<p><\/p>\n\n\n\n<p class=\"has-text-align-right\">Devis fourni au del\u00e0 de 10 participants<\/p>\n\n\n\n<p><\/p>\n\n\n\n<ul class=\"wp-block-list\">\n<li><strong>Atelier enfants (8\/12 ans) \u00ab\u00a0d\u00e9couverte et gestion des \u00e9motions<\/strong>\u00a0\u00bb ( 10 participants )\n<ul class=\"wp-block-list\">\n<li>Forfait 10 s\u00e9ances: 700\u20ac soit 70\u20ac l&rsquo;heure<\/li>\n<\/ul>\n<\/li>\n<\/ul>\n\n\n\n<p><\/p>\n\n\n\n<p class=\"has-text-align-right\">Devis fourni au del\u00e0 de 10 participants<\/p>\n\n\n\n<p><\/p>\n\n\n\n<ul id=\"block-7d8c7ff6-853d-4571-abb1-d693190b237f\" class=\"wp-block-list\">\n<li><strong>Atelier \u00ab\u00a0communication bienveillante\u00a0\u00bb<\/strong> ( 10 participants maximum )\n<ul class=\"wp-block-list\">\n<li>Adultes 70\u20ac l&rsquo;heure <\/li>\n\n\n\n<li>Adolescents 70\u20ac l&rsquo;heure<\/li>\n<\/ul>\n<\/li>\n<\/ul>\n\n\n\n<p><\/p>\n\n\n\n<p class=\"has-text-align-right\">Devis fourni au del\u00e0 de 10 participants<\/p>\n\n\n\n<p><\/p>\n\n\n\n<ul class=\"wp-block-list\">\n<li><strong>Atelier \u00ab\u00a0groupe de parole\u00a0\u00bb<\/strong> ( 5 \u00e0 10 participants ) sur diff\u00e9rentes th\u00e9matiques\n<ul class=\"wp-block-list\">\n<li>Enfants (Du CP au CM2) 65\u20ac les 45 minutes<\/li>\n\n\n\n<li>Adolescents 70\u20ac l&rsquo;heure<\/li>\n\n\n\n<li>Adultes 70\u20ac l&rsquo;heure<\/li>\n<\/ul>\n<\/li>\n<\/ul>\n\n\n\n<p><\/p>\n\n\n\n<p class=\"has-text-align-right\">Devis fourni au del\u00e0 de 10 participants<\/p>\n\n\n\n<p class=\"has-white-background-color has-background\"><\/p>\n\n\n\n<figure class=\"wp-block-image aligncenter\"><img fetchpriority=\"high\" decoding=\"async\" width=\"300\" height=\"257\" src=\"https:\/\/asso-sozen.com\/wp-content\/uploads\/2020\/07\/Yoga-enfants-7-11-ans-300x257.jpg\" alt=\"\" class=\"wp-image-199\" srcset=\"https:\/\/asso-sozen.com\/wp-content\/uploads\/2020\/07\/Yoga-enfants-7-11-ans-300x257.jpg 300w, https:\/\/asso-sozen.com\/wp-content\/uploads\/2020\/07\/Yoga-enfants-7-11-ans.jpg 512w\" sizes=\"(max-width: 300px) 100vw, 300px\" \/><\/figure>\n\n\n\n<div style=\"height:41px\" aria-hidden=\"true\" class=\"wp-block-spacer\"><\/div>\n\n\n\n<div style=\"height:36px\" aria-hidden=\"true\" class=\"wp-block-spacer\"><\/div>\n\n\n\n<p class=\"has-text-align-center\">*Pour b\u00e9n\u00e9ficier de tarifs pr\u00e9f\u00e9rentiels,<br> souscrivez une adh\u00e9sion \u00e0 l&rsquo;association SO&rsquo;Zen<br> ( 15\u20ac l\u2019ann\u00e9e civile )<\/p>\n\n\n\n<p class=\"has-text-align-center\"><br> Ces tarifs s\u2019appliquent sur les communes se trouvant \u00e0 moins de 15 kms (Aller-Retour)<\/p>\n\n\n\n<p class=\"has-text-align-center\">de SO&rsquo;Zen C\u00f4te d&rsquo;Opale<br> Pour un d\u00e9placement \u00e0 plus de 15 kms, des frais de d\u00e9placements sont demand\u00e9s:<\/p>\n\n\n\n<p class=\"has-text-align-center\">0,50 \u20ac du kilom\u00e8tre (\u00e0 partir du 16\u00e9me km)<\/p>\n\n\n\n<p><\/p>\n\n\n\n<div style=\"height:100px\" aria-hidden=\"true\" class=\"wp-block-spacer\"><\/div>\n\n\n\n<p class=\"has-text-align-center\"><\/p>\n\n\n\n<p><\/p>\n","protected":false},"excerpt":{"rendered":"<p>Tarifs Atelier Collectif Yoga adultes\/ados (+ de 15 ans) au sein de locaux lou\u00e9s par SO&rsquo;Zen Cours ayant lieu sur Boulogne S\/Mer (quartier Saint Michel) Tarifs Ateliers au sein d&rsquo;une Structure Etablissements scolaires, structure \u00e9ducatives, MJC, centres sociaux, h\u00f4pitaux, familles, groupes informels,&#8230; Devis fourni au del\u00e0 de 10 participants Devis fourni au del\u00e0 de 10 [&hellip;]<\/p>\n","protected":false},"author":1,"featured_media":0,"parent":0,"menu_order":0,"comment_status":"closed","ping_status":"closed","template":"","meta":{"footnotes":""},"categories":[7,5],"tags":[],"class_list":["post-728","page","type-page","status-publish","hentry","category-activites-en-groupe","category-prestations"],"yoast_head":"<!-- This site is optimized with the Yoast SEO plugin v27.4 - https:\/\/yoast.com\/product\/yoast-seo-wordpress\/ -->\n<title>Activit\u00e9s en Grand Groupe - SO&#039;Zen<\/title>\n<meta name=\"robots\" content=\"index, follow, max-snippet:-1, max-image-preview:large, max-video-preview:-1\" \/>\n<link rel=\"canonical\" href=\"https:\/\/asso-sozen.com\/index.php\/activites-en-groupe-3\/\" \/>\n<meta property=\"og:locale\" content=\"fr_FR\" \/>\n<meta property=\"og:type\" content=\"article\" \/>\n<meta property=\"og:title\" content=\"Activit\u00e9s en Grand Groupe - SO&#039;Zen\" \/>\n<meta property=\"og:description\" content=\"Tarifs Atelier Collectif Yoga adultes\/ados (+ de 15 ans) au sein de locaux lou\u00e9s par SO&rsquo;Zen Cours ayant lieu sur Boulogne S\/Mer (quartier Saint Michel) Tarifs Ateliers au sein d&rsquo;une Structure Etablissements scolaires, structure \u00e9ducatives, MJC, centres sociaux, h\u00f4pitaux, familles, groupes informels,&#8230; Devis fourni au del\u00e0 de 10 participants Devis fourni au del\u00e0 de 10 [&hellip;]\" \/>\n<meta property=\"og:url\" content=\"https:\/\/asso-sozen.com\/index.php\/activites-en-groupe-3\/\" \/>\n<meta property=\"og:site_name\" content=\"SO&#039;Zen\" \/>\n<meta property=\"article:modified_time\" content=\"2025-12-20T11:42:25+00:00\" \/>\n<meta property=\"og:image\" content=\"https:\/\/asso-sozen.com\/wp-content\/uploads\/2020\/07\/Yoga-enfants-7-11-ans.jpg\" \/>\n\t<meta property=\"og:image:width\" content=\"512\" \/>\n\t<meta property=\"og:image:height\" content=\"439\" \/>\n\t<meta property=\"og:image:type\" content=\"image\/jpeg\" \/>\n<meta name=\"twitter:card\" content=\"summary_large_image\" \/>\n<meta name=\"twitter:label1\" content=\"Dur\u00e9e de lecture estim\u00e9e\" \/>\n\t<meta name=\"twitter:data1\" content=\"2 minutes\" \/>\n<script type=\"application\/ld+json\" class=\"yoast-schema-graph\">{\"@context\":\"https:\\\/\\\/schema.org\",\"@graph\":[{\"@type\":\"WebPage\",\"@id\":\"https:\\\/\\\/asso-sozen.com\\\/index.php\\\/activites-en-groupe-3\\\/\",\"url\":\"https:\\\/\\\/asso-sozen.com\\\/index.php\\\/activites-en-groupe-3\\\/\",\"name\":\"Activit\u00e9s en Grand Groupe - SO&#039;Zen\",\"isPartOf\":{\"@id\":\"https:\\\/\\\/asso-sozen.com\\\/#website\"},\"primaryImageOfPage\":{\"@id\":\"https:\\\/\\\/asso-sozen.com\\\/index.php\\\/activites-en-groupe-3\\\/#primaryimage\"},\"image\":{\"@id\":\"https:\\\/\\\/asso-sozen.com\\\/index.php\\\/activites-en-groupe-3\\\/#primaryimage\"},\"thumbnailUrl\":\"https:\\\/\\\/asso-sozen.com\\\/wp-content\\\/uploads\\\/2020\\\/07\\\/Yoga-enfants-7-11-ans-300x257.jpg\",\"datePublished\":\"2022-10-30T16:25:01+00:00\",\"dateModified\":\"2025-12-20T11:42:25+00:00\",\"breadcrumb\":{\"@id\":\"https:\\\/\\\/asso-sozen.com\\\/index.php\\\/activites-en-groupe-3\\\/#breadcrumb\"},\"inLanguage\":\"fr-FR\",\"potentialAction\":[{\"@type\":\"ReadAction\",\"target\":[\"https:\\\/\\\/asso-sozen.com\\\/index.php\\\/activites-en-groupe-3\\\/\"]}]},{\"@type\":\"ImageObject\",\"inLanguage\":\"fr-FR\",\"@id\":\"https:\\\/\\\/asso-sozen.com\\\/index.php\\\/activites-en-groupe-3\\\/#primaryimage\",\"url\":\"https:\\\/\\\/asso-sozen.com\\\/wp-content\\\/uploads\\\/2020\\\/07\\\/Yoga-enfants-7-11-ans.jpg\",\"contentUrl\":\"https:\\\/\\\/asso-sozen.com\\\/wp-content\\\/uploads\\\/2020\\\/07\\\/Yoga-enfants-7-11-ans.jpg\",\"width\":512,\"height\":439},{\"@type\":\"BreadcrumbList\",\"@id\":\"https:\\\/\\\/asso-sozen.com\\\/index.php\\\/activites-en-groupe-3\\\/#breadcrumb\",\"itemListElement\":[{\"@type\":\"ListItem\",\"position\":1,\"name\":\"Accueil\",\"item\":\"https:\\\/\\\/asso-sozen.com\\\/\"},{\"@type\":\"ListItem\",\"position\":2,\"name\":\"Activit\u00e9s en Grand Groupe\"}]},{\"@type\":\"WebSite\",\"@id\":\"https:\\\/\\\/asso-sozen.com\\\/#website\",\"url\":\"https:\\\/\\\/asso-sozen.com\\\/\",\"name\":\"SO&#039;Zen\",\"description\":\"\",\"publisher\":{\"@id\":\"https:\\\/\\\/asso-sozen.com\\\/#organization\"},\"potentialAction\":[{\"@type\":\"SearchAction\",\"target\":{\"@type\":\"EntryPoint\",\"urlTemplate\":\"https:\\\/\\\/asso-sozen.com\\\/?s={search_term_string}\"},\"query-input\":{\"@type\":\"PropertyValueSpecification\",\"valueRequired\":true,\"valueName\":\"search_term_string\"}}],\"inLanguage\":\"fr-FR\"},{\"@type\":\"Organization\",\"@id\":\"https:\\\/\\\/asso-sozen.com\\\/#organization\",\"name\":\"SO&#039;Zen\",\"url\":\"https:\\\/\\\/asso-sozen.com\\\/\",\"logo\":{\"@type\":\"ImageObject\",\"inLanguage\":\"fr-FR\",\"@id\":\"https:\\\/\\\/asso-sozen.com\\\/#\\\/schema\\\/logo\\\/image\\\/\",\"url\":\"https:\\\/\\\/asso-sozen.com\\\/wp-content\\\/uploads\\\/2020\\\/07\\\/cropped-logoSOZEN512-2.png\",\"contentUrl\":\"https:\\\/\\\/asso-sozen.com\\\/wp-content\\\/uploads\\\/2020\\\/07\\\/cropped-logoSOZEN512-2.png\",\"width\":512,\"height\":289,\"caption\":\"SO&#039;Zen\"},\"image\":{\"@id\":\"https:\\\/\\\/asso-sozen.com\\\/#\\\/schema\\\/logo\\\/image\\\/\"}}]}<\/script>\n<!-- \/ Yoast SEO plugin. -->","yoast_head_json":{"title":"Activit\u00e9s en Grand Groupe - SO&#039;Zen","robots":{"index":"index","follow":"follow","max-snippet":"max-snippet:-1","max-image-preview":"max-image-preview:large","max-video-preview":"max-video-preview:-1"},"canonical":"https:\/\/asso-sozen.com\/index.php\/activites-en-groupe-3\/","og_locale":"fr_FR","og_type":"article","og_title":"Activit\u00e9s en Grand Groupe - SO&#039;Zen","og_description":"Tarifs Atelier Collectif Yoga adultes\/ados (+ de 15 ans) au sein de locaux lou\u00e9s par SO&rsquo;Zen Cours ayant lieu sur Boulogne S\/Mer (quartier Saint Michel) Tarifs Ateliers au sein d&rsquo;une Structure Etablissements scolaires, structure \u00e9ducatives, MJC, centres sociaux, h\u00f4pitaux, familles, groupes informels,&#8230; Devis fourni au del\u00e0 de 10 participants Devis fourni au del\u00e0 de 10 [&hellip;]","og_url":"https:\/\/asso-sozen.com\/index.php\/activites-en-groupe-3\/","og_site_name":"SO&#039;Zen","article_modified_time":"2025-12-20T11:42:25+00:00","og_image":[{"width":512,"height":439,"url":"https:\/\/asso-sozen.com\/wp-content\/uploads\/2020\/07\/Yoga-enfants-7-11-ans.jpg","type":"image\/jpeg"}],"twitter_card":"summary_large_image","twitter_misc":{"Dur\u00e9e de lecture estim\u00e9e":"2 minutes"},"schema":{"@context":"https:\/\/schema.org","@graph":[{"@type":"WebPage","@id":"https:\/\/asso-sozen.com\/index.php\/activites-en-groupe-3\/","url":"https:\/\/asso-sozen.com\/index.php\/activites-en-groupe-3\/","name":"Activit\u00e9s en Grand Groupe - SO&#039;Zen","isPartOf":{"@id":"https:\/\/asso-sozen.com\/#website"},"primaryImageOfPage":{"@id":"https:\/\/asso-sozen.com\/index.php\/activites-en-groupe-3\/#primaryimage"},"image":{"@id":"https:\/\/asso-sozen.com\/index.php\/activites-en-groupe-3\/#primaryimage"},"thumbnailUrl":"https:\/\/asso-sozen.com\/wp-content\/uploads\/2020\/07\/Yoga-enfants-7-11-ans-300x257.jpg","datePublished":"2022-10-30T16:25:01+00:00","dateModified":"2025-12-20T11:42:25+00:00","breadcrumb":{"@id":"https:\/\/asso-sozen.com\/index.php\/activites-en-groupe-3\/#breadcrumb"},"inLanguage":"fr-FR","potentialAction":[{"@type":"ReadAction","target":["https:\/\/asso-sozen.com\/index.php\/activites-en-groupe-3\/"]}]},{"@type":"ImageObject","inLanguage":"fr-FR","@id":"https:\/\/asso-sozen.com\/index.php\/activites-en-groupe-3\/#primaryimage","url":"https:\/\/asso-sozen.com\/wp-content\/uploads\/2020\/07\/Yoga-enfants-7-11-ans.jpg","contentUrl":"https:\/\/asso-sozen.com\/wp-content\/uploads\/2020\/07\/Yoga-enfants-7-11-ans.jpg","width":512,"height":439},{"@type":"BreadcrumbList","@id":"https:\/\/asso-sozen.com\/index.php\/activites-en-groupe-3\/#breadcrumb","itemListElement":[{"@type":"ListItem","position":1,"name":"Accueil","item":"https:\/\/asso-sozen.com\/"},{"@type":"ListItem","position":2,"name":"Activit\u00e9s en Grand Groupe"}]},{"@type":"WebSite","@id":"https:\/\/asso-sozen.com\/#website","url":"https:\/\/asso-sozen.com\/","name":"SO&#039;Zen","description":"","publisher":{"@id":"https:\/\/asso-sozen.com\/#organization"},"potentialAction":[{"@type":"SearchAction","target":{"@type":"EntryPoint","urlTemplate":"https:\/\/asso-sozen.com\/?s={search_term_string}"},"query-input":{"@type":"PropertyValueSpecification","valueRequired":true,"valueName":"search_term_string"}}],"inLanguage":"fr-FR"},{"@type":"Organization","@id":"https:\/\/asso-sozen.com\/#organization","name":"SO&#039;Zen","url":"https:\/\/asso-sozen.com\/","logo":{"@type":"ImageObject","inLanguage":"fr-FR","@id":"https:\/\/asso-sozen.com\/#\/schema\/logo\/image\/","url":"https:\/\/asso-sozen.com\/wp-content\/uploads\/2020\/07\/cropped-logoSOZEN512-2.png","contentUrl":"https:\/\/asso-sozen.com\/wp-content\/uploads\/2020\/07\/cropped-logoSOZEN512-2.png","width":512,"height":289,"caption":"SO&#039;Zen"},"image":{"@id":"https:\/\/asso-sozen.com\/#\/schema\/logo\/image\/"}}]}},"_links":{"self":[{"href":"https:\/\/asso-sozen.com\/index.php\/wp-json\/wp\/v2\/pages\/728","targetHints":{"allow":["GET"]}}],"collection":[{"href":"https:\/\/asso-sozen.com\/index.php\/wp-json\/wp\/v2\/pages"}],"about":[{"href":"https:\/\/asso-sozen.com\/index.php\/wp-json\/wp\/v2\/types\/page"}],"author":[{"embeddable":true,"href":"https:\/\/asso-sozen.com\/index.php\/wp-json\/wp\/v2\/users\/1"}],"replies":[{"embeddable":true,"href":"https:\/\/asso-sozen.com\/index.php\/wp-json\/wp\/v2\/comments?post=728"}],"version-history":[{"count":99,"href":"https:\/\/asso-sozen.com\/index.php\/wp-json\/wp\/v2\/pages\/728\/revisions"}],"predecessor-version":[{"id":1468,"href":"https:\/\/asso-sozen.com\/index.php\/wp-json\/wp\/v2\/pages\/728\/revisions\/1468"}],"wp:attachment":[{"href":"https:\/\/asso-sozen.com\/index.php\/wp-json\/wp\/v2\/media?parent=728"}],"wp:term":[{"taxonomy":"category","embeddable":true,"href":"https:\/\/asso-sozen.com\/index.php\/wp-json\/wp\/v2\/categories?post=728"},{"taxonomy":"post_tag","embeddable":true,"href":"https:\/\/asso-sozen.com\/index.php\/wp-json\/wp\/v2\/tags?post=728"}],"curies":[{"name":"wp","href":"https:\/\/api.w.org\/{rel}","templated":true}]}}